{"id":1164,"date":"2016-08-14T11:42:00","date_gmt":"2016-08-14T11:42:00","guid":{"rendered":"http:\/\/lefed.pl\/produkt\/hat-for-hair-coloring\/"},"modified":"2019-12-03T00:06:11","modified_gmt":"2019-12-03T00:06:11","slug":"hat-for-hair-coloring","status":"publish","type":"product","link":"https:\/\/lefed.pl\/en\/product\/hat-for-hair-coloring\/","title":{"rendered":"Hat for hair coloring"},"content":{"rendered":"<div class=\"wpb-content-wrapper\"><p>[vc_row][vc_column][vc_column_text]Hat for creative hair coloring is professional tool that allows you to create unique color connections and makes easier to create ombre and sombre hair color effects.<\/p>\n<p>Hat is made from special light foam that is easy to wear and adjust on customers head. Hat is also color-safe, easy to clean and reusable. Your customers will love their hair color created with Lefed`s hat.<\/p>\n<p>&nbsp;[\/vc_column_text][vc_column_text]<\/p>\n<p style=\"text-align: center;\"><strong>See how easy it is to color hair with LEFED foam hats<\/strong><\/p>\n<p>&nbsp;<\/p>\n<p style=\"text-align: center;\">PUTTING ON THE HAT<\/p>\n<p><img loading=\"lazy\" decoding=\"async\" class=\"alignnone wp-image-650 size-large\" src=\"http:\/\/lefed.pl\/wp-content\/uploads\/2017\/04\/KOLO1-1024x849.jpg\" alt=\"Zak\u0142adanie ko\u0142a do koloryzacji - Lefed\" width=\"900\" height=\"746\" srcset=\"https:\/\/lefed.pl\/wp-content\/uploads\/2017\/04\/KOLO1-1024x849.jpg 1024w, https:\/\/lefed.pl\/wp-content\/uploads\/2017\/04\/KOLO1-450x373.jpg 450w, https:\/\/lefed.pl\/wp-content\/uploads\/2017\/04\/KOLO1-300x249.jpg 300w, https:\/\/lefed.pl\/wp-content\/uploads\/2017\/04\/KOLO1-768x637.jpg 768w, https:\/\/lefed.pl\/wp-content\/uploads\/2017\/04\/KOLO1.jpg 1200w\" sizes=\"(max-width: 900px) 100vw, 900px\" \/><\/p>\n<p>&nbsp;<\/p>\n<p><strong>REMEMBER:<\/strong><\/p>\n<p>&nbsp;<\/p>\n<ol>\n<li>Apply hair color at root area if needed.<br \/>\nSet hair into ponytail and adjust hat on the head rotating it left\/right.<\/li>\n<li>After hair coloring, remove hat by turning it left or right and pull away from head.<\/li>\n<\/ol>\n<p>Clean the hat with water and mild soap, leave to dry or wipe with clean cloth.<\/p>\n<p>&nbsp;<br \/>\n[\/vc_column_text][vc_column_text]<\/p>\n<p style=\"text-align: center;\">FITTINGS FOR SMALL HEADS<\/p>\n<p>If your hat purchased before 05.2017 did not have fittings, please contact us for free: info@lefed.pl<\/p>\n<p>&nbsp;<\/p>\n<p><img loading=\"lazy\" decoding=\"async\" class=\"wp-image-651 size-large aligncenter\" src=\"http:\/\/lefed.pl\/wp-content\/uploads\/2017\/04\/KOLO2-1024x908.jpg\" alt=\"Kszta\u0142tki dopasowuj\u0105ce ko\u0142o do ma\u0142ych g\u0142\u00f3w\" width=\"900\" height=\"798\" srcset=\"https:\/\/lefed.pl\/wp-content\/uploads\/2017\/04\/KOLO2-1024x908.jpg 1024w, https:\/\/lefed.pl\/wp-content\/uploads\/2017\/04\/KOLO2-450x399.jpg 450w, https:\/\/lefed.pl\/wp-content\/uploads\/2017\/04\/KOLO2-300x266.jpg 300w, https:\/\/lefed.pl\/wp-content\/uploads\/2017\/04\/KOLO2-768x681.jpg 768w, https:\/\/lefed.pl\/wp-content\/uploads\/2017\/04\/KOLO2.jpg 1200w\" sizes=\"(max-width: 900px) 100vw, 900px\" \/><\/p>\n<p>&nbsp;[\/vc_column_text][\/vc_column][\/vc_row]<\/p>\n<\/div>","protected":false},"excerpt":{"rendered":"<p>Our famous, foam <strong>hat for hair coloring<\/strong>. Made of soft foam.<br \/>\nLight and easy to use. Matches to the shape of the client&#8217;s head<\/p>\n<p>Reusable, available in three different diameters :<\/p>\n<ul>\n<li>Small &#8211; 60 cm<\/li>\n<li>Medium &#8211; 80 cm<\/li>\n<li>Big -100 cm<\/li>\n<\/ul>\n<p><strong><span style=\"color: #1bbecd;\">Sale !!!<\/span><\/strong><\/p>\n<p><span style=\"color: #333333;\"><strong>Hat 80 cm<\/strong> +<\/span> <strong><span style=\"color: #1bbecd;\">hat 60 cm: 30% off<\/span><\/strong><\/p>\n<p><strong><span style=\"color: #1bbecd;\"><span style=\"color: #333333;\">Hat 100 cm +<\/span>\u00a0hat 60 cm: 30% off<\/span><\/strong><\/p>\n<h5 style=\"text-align: center;\"><a href=\"#tab-description\"><span style=\"color: #00c1cf;\">READ MORE&#8230;<\/span><\/a><\/h5>\n","protected":false},"featured_media":1078,"comment_status":"open","ping_status":"closed","template":"","meta":[],"product_cat":[38],"product_tag":[],"yoast_head":"<!-- This site is optimized with the Yoast SEO plugin v22.8 - https:\/\/yoast.com\/wordpress\/plugins\/seo\/ -->\n<title>Hat for hair coloring - LEFED<\/title>\n<meta name=\"robots\" content=\"index, follow, max-snippet:-1, max-image-preview:large, max-video-preview:-1\" \/>\n<link rel=\"canonical\" href=\"https:\/\/lefed.pl\/en\/product\/hat-for-hair-coloring\/\" \/>\n<meta property=\"og:locale\" content=\"en_US\" \/>\n<meta property=\"og:type\" content=\"article\" \/>\n<meta property=\"og:title\" content=\"Hat for hair coloring - LEFED\" \/>\n<meta property=\"og:description\" content=\"Our famous, foam hat for hair coloring. Made of soft foam. Light and easy to use. Matches to the shape of the client&#039;s head  Reusable, available in three different diameters :   Small - 60 cm  Medium - 80 cm  Big -100 cm  Sale !!!  Hat 80 cm + hat 60 cm: 30% off  Hat 100 cm +\u00a0hat 60 cm: 30% off READ MORE...\" \/>\n<meta property=\"og:url\" content=\"https:\/\/lefed.pl\/en\/product\/hat-for-hair-coloring\/\" \/>\n<meta property=\"og:site_name\" content=\"LEFED\" \/>\n<meta property=\"article:publisher\" content=\"https:\/\/www.facebook.com\/LefedPL\/\" \/>\n<meta property=\"article:modified_time\" content=\"2019-12-03T00:06:11+00:00\" \/>\n<meta property=\"og:image\" content=\"https:\/\/lefed.pl\/wp-content\/uploads\/2016\/11\/prod-kolo-1.jpg\" \/>\n\t<meta property=\"og:image:width\" content=\"599\" \/>\n\t<meta property=\"og:image:height\" content=\"599\" \/>\n\t<meta property=\"og:image:type\" content=\"image\/jpeg\" \/>\n<meta name=\"twitter:card\" content=\"summary_large_image\" \/>\n<meta name=\"twitter:label1\" content=\"Est. reading time\" \/>\n\t<meta name=\"twitter:data1\" content=\"1 minute\" \/>\n<script type=\"application\/ld+json\" class=\"yoast-schema-graph\">{\"@context\":\"https:\/\/schema.org\",\"@graph\":[{\"@type\":\"WebPage\",\"@id\":\"https:\/\/lefed.pl\/en\/product\/hat-for-hair-coloring\/\",\"url\":\"https:\/\/lefed.pl\/en\/product\/hat-for-hair-coloring\/\",\"name\":\"Hat for hair coloring - LEFED\",\"isPartOf\":{\"@id\":\"https:\/\/lefed.pl\/#website\"},\"primaryImageOfPage\":{\"@id\":\"https:\/\/lefed.pl\/en\/product\/hat-for-hair-coloring\/#primaryimage\"},\"image\":{\"@id\":\"https:\/\/lefed.pl\/en\/product\/hat-for-hair-coloring\/#primaryimage\"},\"thumbnailUrl\":\"https:\/\/lefed.pl\/wp-content\/uploads\/2016\/11\/prod-kolo-1.jpg\",\"datePublished\":\"2016-08-14T11:42:00+00:00\",\"dateModified\":\"2019-12-03T00:06:11+00:00\",\"breadcrumb\":{\"@id\":\"https:\/\/lefed.pl\/en\/product\/hat-for-hair-coloring\/#breadcrumb\"},\"inLanguage\":\"en-US\",\"potentialAction\":[{\"@type\":\"ReadAction\",\"target\":[\"https:\/\/lefed.pl\/en\/product\/hat-for-hair-coloring\/\"]}]},{\"@type\":\"ImageObject\",\"inLanguage\":\"en-US\",\"@id\":\"https:\/\/lefed.pl\/en\/product\/hat-for-hair-coloring\/#primaryimage\",\"url\":\"https:\/\/lefed.pl\/wp-content\/uploads\/2016\/11\/prod-kolo-1.jpg\",\"contentUrl\":\"https:\/\/lefed.pl\/wp-content\/uploads\/2016\/11\/prod-kolo-1.jpg\",\"width\":599,\"height\":599},{\"@type\":\"BreadcrumbList\",\"@id\":\"https:\/\/lefed.pl\/en\/product\/hat-for-hair-coloring\/#breadcrumb\",\"itemListElement\":[{\"@type\":\"ListItem\",\"position\":1,\"name\":\"Strona g\u0142\u00f3wna\",\"item\":\"https:\/\/lefed.pl\/en\/\"},{\"@type\":\"ListItem\",\"position\":2,\"name\":\"Shop\",\"item\":\"https:\/\/lefed.pl\/en\/shop\/\"},{\"@type\":\"ListItem\",\"position\":3,\"name\":\"Hat for hair coloring\"}]},{\"@type\":\"WebSite\",\"@id\":\"https:\/\/lefed.pl\/#website\",\"url\":\"https:\/\/lefed.pl\/\",\"name\":\"LEFED\",\"description\":\"People Beauty Science\",\"potentialAction\":[{\"@type\":\"SearchAction\",\"target\":{\"@type\":\"EntryPoint\",\"urlTemplate\":\"https:\/\/lefed.pl\/?s={search_term_string}\"},\"query-input\":\"required name=search_term_string\"}],\"inLanguage\":\"en-US\"}]}<\/script>\n<!-- \/ Yoast SEO plugin. -->","yoast_head_json":{"title":"Hat for hair coloring - LEFED","robots":{"index":"index","follow":"follow","max-snippet":"max-snippet:-1","max-image-preview":"max-image-preview:large","max-video-preview":"max-video-preview:-1"},"canonical":"https:\/\/lefed.pl\/en\/product\/hat-for-hair-coloring\/","og_locale":"en_US","og_type":"article","og_title":"Hat for hair coloring - LEFED","og_description":"Our famous, foam hat for hair coloring. Made of soft foam. Light and easy to use. Matches to the shape of the client's head  Reusable, available in three different diameters :   Small - 60 cm  Medium - 80 cm  Big -100 cm  Sale !!!  Hat 80 cm + hat 60 cm: 30% off  Hat 100 cm +\u00a0hat 60 cm: 30% off READ MORE...","og_url":"https:\/\/lefed.pl\/en\/product\/hat-for-hair-coloring\/","og_site_name":"LEFED","article_publisher":"https:\/\/www.facebook.com\/LefedPL\/","article_modified_time":"2019-12-03T00:06:11+00:00","og_image":[{"width":599,"height":599,"url":"https:\/\/lefed.pl\/wp-content\/uploads\/2016\/11\/prod-kolo-1.jpg","type":"image\/jpeg"}],"twitter_card":"summary_large_image","twitter_misc":{"Est. reading time":"1 minute"},"schema":{"@context":"https:\/\/schema.org","@graph":[{"@type":"WebPage","@id":"https:\/\/lefed.pl\/en\/product\/hat-for-hair-coloring\/","url":"https:\/\/lefed.pl\/en\/product\/hat-for-hair-coloring\/","name":"Hat for hair coloring - LEFED","isPartOf":{"@id":"https:\/\/lefed.pl\/#website"},"primaryImageOfPage":{"@id":"https:\/\/lefed.pl\/en\/product\/hat-for-hair-coloring\/#primaryimage"},"image":{"@id":"https:\/\/lefed.pl\/en\/product\/hat-for-hair-coloring\/#primaryimage"},"thumbnailUrl":"https:\/\/lefed.pl\/wp-content\/uploads\/2016\/11\/prod-kolo-1.jpg","datePublished":"2016-08-14T11:42:00+00:00","dateModified":"2019-12-03T00:06:11+00:00","breadcrumb":{"@id":"https:\/\/lefed.pl\/en\/product\/hat-for-hair-coloring\/#breadcrumb"},"inLanguage":"en-US","potentialAction":[{"@type":"ReadAction","target":["https:\/\/lefed.pl\/en\/product\/hat-for-hair-coloring\/"]}]},{"@type":"ImageObject","inLanguage":"en-US","@id":"https:\/\/lefed.pl\/en\/product\/hat-for-hair-coloring\/#primaryimage","url":"https:\/\/lefed.pl\/wp-content\/uploads\/2016\/11\/prod-kolo-1.jpg","contentUrl":"https:\/\/lefed.pl\/wp-content\/uploads\/2016\/11\/prod-kolo-1.jpg","width":599,"height":599},{"@type":"BreadcrumbList","@id":"https:\/\/lefed.pl\/en\/product\/hat-for-hair-coloring\/#breadcrumb","itemListElement":[{"@type":"ListItem","position":1,"name":"Strona g\u0142\u00f3wna","item":"https:\/\/lefed.pl\/en\/"},{"@type":"ListItem","position":2,"name":"Shop","item":"https:\/\/lefed.pl\/en\/shop\/"},{"@type":"ListItem","position":3,"name":"Hat for hair coloring"}]},{"@type":"WebSite","@id":"https:\/\/lefed.pl\/#website","url":"https:\/\/lefed.pl\/","name":"LEFED","description":"People Beauty Science","potentialAction":[{"@type":"SearchAction","target":{"@type":"EntryPoint","urlTemplate":"https:\/\/lefed.pl\/?s={search_term_string}"},"query-input":"required name=search_term_string"}],"inLanguage":"en-US"}]}},"jetpack_sharing_enabled":true,"_links":{"self":[{"href":"https:\/\/lefed.pl\/en\/wp-json\/wp\/v2\/product\/1164"}],"collection":[{"href":"https:\/\/lefed.pl\/en\/wp-json\/wp\/v2\/product"}],"about":[{"href":"https:\/\/lefed.pl\/en\/wp-json\/wp\/v2\/types\/product"}],"replies":[{"embeddable":true,"href":"https:\/\/lefed.pl\/en\/wp-json\/wp\/v2\/comments?post=1164"}],"wp:featuredmedia":[{"embeddable":true,"href":"https:\/\/lefed.pl\/en\/wp-json\/wp\/v2\/media\/1078"}],"wp:attachment":[{"href":"https:\/\/lefed.pl\/en\/wp-json\/wp\/v2\/media?parent=1164"}],"wp:term":[{"taxonomy":"product_cat","embeddable":true,"href":"https:\/\/lefed.pl\/en\/wp-json\/wp\/v2\/product_cat?post=1164"},{"taxonomy":"product_tag","embeddable":true,"href":"https:\/\/lefed.pl\/en\/wp-json\/wp\/v2\/product_tag?post=1164"}],"curies":[{"name":"wp","href":"https:\/\/api.w.org\/{rel}","templated":true}]}}